{"id":644,"date":"2021-06-02T16:46:31","date_gmt":"2021-06-02T16:46:31","guid":{"rendered":"https:\/\/confitedigital.com\/?page_id=644"},"modified":"2022-02-07T15:23:34","modified_gmt":"2022-02-07T15:23:34","slug":"aviso-legal","status":"publish","type":"page","link":"https:\/\/confitedigital.com\/?page_id=644","title":{"rendered":"Aviso Legal"},"content":{"rendered":"<p><strong>AVISO LEGAL<\/strong><\/p>\n<p>El titular de esta p\u00e1gina Web es la Empresa Confite Digital, con domicilio social y fiscal en CALLE SAO PAULO, 6, OFICINA 138, 35008, Las Palmas de G.C., Espa\u00f1a con N.I.F. 45755929M, email: info@confitedigital.com, tel\u00e9fono (+34) 619 241 560.<\/p>\n<p>La utilizaci\u00f3n de esta p\u00e1gina Web atribuye la condici\u00f3n de Usuario a quien lo haga e implica la aceptaci\u00f3n de todas las condiciones incluidas en este Aviso Legal. Si el Usuario decide no aceptar cualquiera de las referidas condiciones o manifiesta alg\u00fan tipo de reserva, debe abstenerse de utilizar la P\u00e1gina Web. Algunos aspectos de esta p\u00e1gina Web, por su especialidad, pueden estar sujetos a condiciones o reglas particulares que pueden sustituir, completar o modificar este Aviso Legal, por lo que tambi\u00e9n deben ser le\u00eddas y aceptadas por el Usuario.<\/p>\n<p>Todos los contenidos de esta P\u00e1gina Web (textos, fotograf\u00edas, gr\u00e1ficos, im\u00e1genes, tecnolog\u00eda, software, links, contenidos audiovisuales o sonoros, dise\u00f1o gr\u00e1fico, c\u00f3digo fuente, etc.), as\u00ed como las marcas y dem\u00e1s signos distintivos son propiedad de Confite Digital o de terceros, no adquiriendo el Usuario ning\u00fan derecho sobre ellos por el mero uso de esta P\u00e1gina Web.<\/p>\n<p>CONFITE DIGITAL no se responsabiliza de las opiniones expresadas por los autores en las publicaciones por ella editadas, en cualquier medio, ni de las consecuencias derivadas de la aplicaci\u00f3n a casos concretos de las mencionadas opiniones de estos. Asimismo, Confite Digital no se responsabiliza de los comentarios vertidos por los Usuarios sobre las actividades, materias y eventos que pone a disposici\u00f3n de estos en esta p\u00e1gina web.<\/p>\n<p>Queda prohibido el uso de esta p\u00e1gina Web con la finalidad de lesionar bienes, derechos o intereses de Confite Digital o de terceros. Queda igualmente prohibido realizar cualquier otro uso de esta p\u00e1gina Web que altere, da\u00f1e o inutilice las redes, servidores, equipos, productos y programas inform\u00e1ticos de Confite Digital o de terceros.<\/p>\n<p>El Usuario, deber\u00e1 abstenerse de: a) reproducir, copiar, distribuir, poner a disposici\u00f3n de terceros, comunicar p\u00fablicamente, transformar o modificar los contenidos de esta p\u00e1gina Web, salvo en los casos contemplados en la ley o expresamente autorizados por Confite Digital o por el titular de dichos derechos; b) reproducir o copiar para uso privado el software o las bases de datos existentes en esta p\u00e1gina Web, as\u00ed como comunicarlos p\u00fablicamente o ponerlos a disposici\u00f3n de terceros cuando ello conlleve su reproducci\u00f3n; c) extraer o reutilizar todo o parte sustancial de los contenidos integrantes de esta p\u00e1gina Web. reutilizar la totalidad o una parte sustancial de los contenidos integrantes de esta Web. En cualquier caso, se except\u00faa de lo anterior la utilizaci\u00f3n o reproducci\u00f3n de contenidos o bases de datos que sea expresamente autorizada por Confite Digital.<\/p>\n<p>El Usuario que quiera introducir enlaces a esta p\u00e1gina Web debe cumplir las condiciones siguientes:<\/p>\n<ol>\n<li>a) no podr\u00e1n establecerse frames o marcos de cualquier tipo que rodeen la p\u00e1gina Web o permitan visualizarla a trav\u00e9s de direcciones de Internet distintas o conjuntamente con contenidos ajenos a esta P\u00e1gina Web, de forma que produzca, o pueda producir, error o confusi\u00f3n en los usuarios sobre la procedencia del servicio o su contenido, implique un acto de comparaci\u00f3n o imitaci\u00f3n desleal, sirva para aprovechar la reputaci\u00f3n, marca y prestigio de Confite Digital o sus clientes o se haga de cualquier otro modo que est\u00e9 prohibido por la Ley;<\/li>\n<li>b) desde la p\u00e1gina que realice el enlace no podr\u00e1 efectuarse ning\u00fan tipo de manifestaci\u00f3n falsa o inexacta sobre Confite Digital, sobre la calidad de sus servicios o sobre sus proveedores, empleados o clientes;<\/li>\n<li>c) El remitente no podr\u00e1 utilizar la marca o cualquier otro signo distintivo de Confite Digital dentro de su p\u00e1gina Web, salvo en los casos autorizados por la ley o permitidos expresamente por Confite Digital;<\/li>\n<li>d) la p\u00e1gina que establezca el enlace deber\u00e1 observar la legalidad vigente y no podr\u00e1 disponer de o enlazar con contenidos il\u00edcitos, nocivos, contrarios a la moral y a las buenas costumbres, que produzcan o puedan producir la falsa idea de que Confite Digital respalda o apoya las ideas, manifestaciones o actuaciones del remitente o que resulten inadecuados en relaci\u00f3n con la actividad desarrollada por Confite Digital y sus clientes, teniendo en cuenta los contenidos y la tem\u00e1tica general de la p\u00e1gina Web donde se establezca el enlace.<\/li>\n<\/ol>\n<p>Confite Digital no es responsable de controlar que en esta P\u00e1gina Web no existan c\u00f3digos maliciosos o cualquier otro elemento inform\u00e1tico perjudicial que pudiera causar da\u00f1os al sistema inform\u00e1tico del USUARIO o de terceros. Corresponde al USUARIO, en todo caso, disponer de herramientas adecuadas para la detecci\u00f3n y desinfecci\u00f3n de estos elementos. De acuerdo con ello, Confite Digital no se responsabiliza de los da\u00f1os producidos a equipos inform\u00e1ticos durante el acceso a la presente P\u00e1gina Web. Igualmente, Confite Digital no ser\u00e1 responsable de los da\u00f1os producidos a los Usuarios cuando estos tengan su origen en fallos o desconexiones en las redes de telecomunicaciones que interrumpan el servicio de esta P\u00e1gina Web.<\/p>\n<p>Esta P\u00e1gina Web puede incluir dispositivos t\u00e9cnicos de enlace que permiten al usuario acceder a otras p\u00e1ginas de Internet (enlaces). Confite Digital no conoce los contenidos y servicios de los enlaces y por tanto no se hace responsable por los da\u00f1os derivados de su falta de calidad, desactualizaci\u00f3n, indisponibilidad, error, inutilidad o ilegalidad y no responde de las manifestaciones realizadas o de los contenidos o servicios proporcionados a trav\u00e9s de ellos. Si cualquier usuario tuviera conocimiento de que los enlaces remiten a p\u00e1ginas cuyos contenidos o servicios sean il\u00edcitos, nocivos, denigrantes, violentos o inmorales, podr\u00e1 ponerse en contacto con Confite Digital indic\u00e1ndolo.<\/p>\n<p>Las contrataciones de productos y servicios propios de Confite Digital, y las inscripciones a actividades organizadas por esta que los Usuarios realicen a trav\u00e9s de esta web, a t\u00edtulo oneroso o gratuito, conllevan la necesaria aceptaci\u00f3n de las condiciones generales de contrataci\u00f3n, que se encuentran disponibles en la misma. Si el Usuario no acepta alguna de las normas establecidas en el referido documento o manifiesta alg\u00fan tipo de reserva, debe abstenerse de realizar cualquier tipo de contrataci\u00f3n o inscripci\u00f3n a trav\u00e9s de la misma.<\/p>\n<p>En ocasiones, los Usuarios que vayan a contratar un servicio o producto disponible en la p\u00e1gina web de Confite Digital, son redireccionados, tras seleccionar la opci\u00f3n \u201cComprar\u201d, \u201cDescargar\u201d,\u201d Adquirir\u201d, etc., a direcciones de contacto o webs de terceros con los que Confite Digital ha llegado a acuerdos de colaboraci\u00f3n o de los que dispone buenas referencias o conoce su prestigio. En estos supuestos, el Usuario contratar\u00e1 directamente con dichos terceros los servicios o productos que han sido ofertados en la p\u00e1gina web de Confite Digital.<\/p>\n<p>Confite Digital no se responsabiliza de las contrataciones que se hagan directamente a trav\u00e9s de estas direcciones de contacto o webs de terceros y ser\u00e1 responsabilidad del Usuario, sin perjuicio de la informaci\u00f3n que, en su caso, proporcione Confite Digital en el momento de seleccionar dichos servicios o productos, fijarse en el dominio de la direcci\u00f3n de contacto o de la web y en la identidad del tercero con el que se est\u00e1 realizando la contrataci\u00f3n de los servicios o adquisici\u00f3n de los productos, as\u00ed como aceptar las condiciones legales aplicables a estos.<\/p>\n<p>El presente Aviso Legal se rige por la legislaci\u00f3n espa\u00f1ola, siendo competentes los Juzgados y Tribunales espa\u00f1oles para conocer de cuantas cuestiones se susciten sobre su interpretaci\u00f3n, aplicaci\u00f3n y cumplimiento. El Usuario, por virtud de la aceptaci\u00f3n de las condiciones recogidas en este Aviso Legal, renuncia expresamente a cualquier fuero distinto que, por aplicaci\u00f3n de la Ley vigente, pudiera corresponderle. En cualquier caso, si la legislaci\u00f3n vigente permitiese someterse a un fuero en concreto, el Usuario se somete voluntariamente a la jurisdicci\u00f3n de los Juzgados y Tribunales CUALES A LAS PALMAS corresponda. El Usuario responder\u00e1 frente a Confite Digital y frente a terceros, de cualesquiera da\u00f1os o perjuicios que pudieran causarse por incumplimiento de estas obligaciones.\u201d<\/p>\n","protected":false},"excerpt":{"rendered":"<p>AVISO LEGAL El titular de esta p\u00e1gina Web es la Empresa Confite Digital, con domicilio social y fiscal en CALLE SAO PAULO, 6, OFICINA 138, 35008, Las Palmas de G.C., Espa\u00f1a con N.I.F. 45755929M, email: info@confitedigital.com, tel\u00e9fono (+34) 619 241 560. La utilizaci\u00f3n de esta p\u00e1gina Web atribuye la condici\u00f3n de Usuario a quien lo [&hellip;]<\/p>\n","protected":false},"author":1,"featured_media":0,"parent":0,"menu_order":0,"comment_status":"closed","ping_status":"closed","template":"","meta":{"_acf_changed":false,"_monsterinsights_skip_tracking":false,"_monsterinsights_sitenote_active":false,"_monsterinsights_sitenote_note":"","_monsterinsights_sitenote_category":0,"footnotes":""},"class_list":["post-644","page","type-page","status-publish","hentry"],"acf":[],"aioseo_notices":[],"_links":{"self":[{"href":"https:\/\/confitedigital.com\/index.php?rest_route=\/wp\/v2\/pages\/644","targetHints":{"allow":["GET"]}}],"collection":[{"href":"https:\/\/confitedigital.com\/index.php?rest_route=\/wp\/v2\/pages"}],"about":[{"href":"https:\/\/confitedigital.com\/index.php?rest_route=\/wp\/v2\/types\/page"}],"author":[{"embeddable":true,"href":"https:\/\/confitedigital.com\/index.php?rest_route=\/wp\/v2\/users\/1"}],"replies":[{"embeddable":true,"href":"https:\/\/confitedigital.com\/index.php?rest_route=%2Fwp%2Fv2%2Fcomments&post=644"}],"version-history":[{"count":6,"href":"https:\/\/confitedigital.com\/index.php?rest_route=\/wp\/v2\/pages\/644\/revisions"}],"predecessor-version":[{"id":1499,"href":"https:\/\/confitedigital.com\/index.php?rest_route=\/wp\/v2\/pages\/644\/revisions\/1499"}],"wp:attachment":[{"href":"https:\/\/confitedigital.com\/index.php?rest_route=%2Fwp%2Fv2%2Fmedia&parent=644"}],"curies":[{"name":"wp","href":"https:\/\/api.w.org\/{rel}","templated":true}]}}